{"id":69,"date":"2015-10-07T17:11:55","date_gmt":"2015-10-07T17:11:55","guid":{"rendered":"http:\/\/themedemo.commercegurus.com\/broker\/?page_id=69"},"modified":"2025-01-15T20:11:15","modified_gmt":"2025-01-15T20:11:15","slug":"about-us","status":"publish","type":"page","link":"https:\/\/thetrngroup.com\/index.php\/about-us\/","title":{"rendered":"Hakk\u0131m\u0131zda"},"content":{"rendered":"<div class=\"wpb-content-wrapper\"><p>[vc_row type=&#8221;container&#8221; padding_top=&#8221;&#8221; padding_bottom=&#8221;&#8221; css=&#8221;.vc_custom_1444733628179{padding-top: 50px !important;}&#8221;][vc_column width=&#8221;1\/2&#8243;][vc_column_text css=&#8221;&#8221;]The Trn Group ;<\/p>\n<p>Bili\u015fim teknolojilerinin her alan\u0131nda derin bilgiye sahip \u00e7ekirdek ekibimizle firmalar\u0131n teknoloji ihtiya\u00e7lar\u0131na \u00e7\u00f6z\u00fcm sunmak i\u00e7in yola \u00e7\u0131kt\u0131k.<\/p>\n<p>30 y\u0131l\u0131 a\u015fk\u0131n tecr\u00fcbemiz, sekt\u00f6rel deneyimimiz, global i\u015f ortaklar\u0131m\u0131z, uzmanl\u0131k sertifikalar\u0131m\u0131z, y\u00fczlerce ba\u015far\u0131 hikayesi ve vaka \u00f6rne\u011fi ile bug\u00fcn bili\u015fim teknolojileri alan\u0131nda \u00f6nc\u00fc firmalar\u0131n \u00fcst d\u00fczey ortakl\u0131\u011f\u0131n\u0131 y\u00fcr\u00fct\u00fcyoruz.<\/p>\n<p>Y\u0131llar\u0131n verdi\u011fi deneyim, tecr\u00fcbe, ba\u015far\u0131l\u0131 projelerimiz ve g\u00fcvenilir ortakl\u0131klar\u0131m\u0131z sayesinde bili\u015fim sekt\u00f6r\u00fcn\u00fcn en iyi firmalar\u0131ndan biri konumunday\u0131z.[\/vc_column_text][\/vc_column][vc_column width=&#8221;1\/2&#8243;][vc_single_image image=&#8221;71293&#8243; img_size=&#8221;full&#8221; style=&#8221;vc_box_rounded&#8221; css=&#8221;&#8221;][\/vc_column][\/vc_row][vc_row type=&#8221;container&#8221; padding_top=&#8221;&#8221; padding_bottom=&#8221;&#8221; css=&#8221;.vc_custom_1444733707806{margin-bottom: 0px !important;padding-top: 15px !important;}&#8221;][vc_column][vc_separator color=&#8221;#e2e2e2&#8243; type=&#8221;normal&#8221; thickness=&#8221;1&#8243; up=&#8221;&#8221; down=&#8221;&#8221;][vc_single_image image=&#8221;71361&#8243; img_size=&#8221;full&#8221; css=&#8221;&#8221;][\/vc_column][\/vc_row][vc_row type=&#8221;container&#8221; padding_top=&#8221;&#8221; padding_bottom=&#8221;&#8221; css=&#8221;.vc_custom_1444733707806{margin-bottom: 0px !important;padding-top: 15px !important;}&#8221;][vc_column][vc_separator color=&#8221;#e2e2e2&#8243; type=&#8221;normal&#8221; thickness=&#8221;1&#8243; up=&#8221;&#8221; down=&#8221;&#8221;][\/vc_column][\/vc_row][vc_row type=&#8221;container&#8221; padding_top=&#8221;&#8221; padding_bottom=&#8221;&#8221; css=&#8221;.vc_custom_1445611293527{margin-bottom: 35px !important;}&#8221;][vc_column][vc_column_text css=&#8221;.vc_custom_1736971872200{margin-bottom: 0px !important;}&#8221;]<\/p>\n<h2>Profesyonel Y\u00f6neticilerimiz<\/h2>\n<p>Our investment experts constantly evaluate the best ways to put your money to work. Our portfolios are completely liquid, and you can access your money at any time. This is what sets us apart from the competition.[\/vc_column_text][\/vc_column][\/vc_row][vc_row type=&#8221;container&#8221; padding_top=&#8221;&#8221; padding_bottom=&#8221;&#8221; css=&#8221;.vc_custom_1510321596043{margin-bottom: 25px !important;}&#8221;][vc_column width=&#8221;1\/4&#8243; css=&#8221;.vc_custom_1445098522820{margin-bottom: 35px !important;}&#8221;][vc_single_image image=&#8221;71089&#8243; img_size=&#8221;full&#8221; style=&#8221;vc_box_rounded&#8221; css_animation=&#8221;bottom-to-top&#8221; css=&#8221;.vc_custom_1736971499352{margin-bottom: -10px !important;}&#8221;][vc_column_text css=&#8221;&#8221;]<\/p>\n<h4>Tolga TURAN<\/h4>\n<h6 style=\"margin-top: -10px; margin-bottom: 12px;\"><span style=\"color: #999999;\">CEO and Board Member<\/span><\/h6>\n<h6>Donec a felis sed ligula aliquet sollicitudin a in elit. Nunc at commodo erat, fringilla egestas tortor.<\/h6>\n<h6><a class=\"email\" href=\"#\">Email John<\/a><\/h6>\n<p>[\/vc_column_text][\/vc_column][vc_column width=&#8221;1\/4&#8243; css=&#8221;.vc_custom_1445098535568{margin-bottom: 35px !important;}&#8221;][vc_single_image image=&#8221;71089&#8243; img_size=&#8221;full&#8221; style=&#8221;vc_box_rounded&#8221; css_animation=&#8221;bottom-to-top&#8221; css=&#8221;.vc_custom_1510415149322{margin-bottom: -10px !important;}&#8221;][vc_column_text css=&#8221;&#8221;]<\/p>\n<h4>Murat DEM\u0130R<\/h4>\n<h6 style=\"margin-top: -10px; margin-bottom: 12px;\"><span style=\"color: #999999;\">Group Cto<br \/>\n<\/span><\/h6>\n<h6>Donec a felis sed ligula aliquet sollicitudin a in elit. Nunc at commodo erat, fringilla egestas tortor.<\/h6>\n<h6><a class=\"email\" href=\"#\">Email Melanie<\/a><\/h6>\n<p>[\/vc_column_text][\/vc_column][vc_column width=&#8221;1\/4&#8243; css=&#8221;.vc_custom_1445098547369{margin-bottom: 35px !important;}&#8221;][vc_single_image image=&#8221;71089&#8243; img_size=&#8221;full&#8221; style=&#8221;vc_box_rounded&#8221; css_animation=&#8221;bottom-to-top&#8221; css=&#8221;.vc_custom_1510415161593{margin-bottom: -10px !important;}&#8221;][vc_column_text css=&#8221;&#8221;]<\/p>\n<h4>\u00c7e\u015fminaz YEN\u0130C\u0130<\/h4>\n<h6 style=\"margin-top: -10px; margin-bottom: 12px;\"><span style=\"color: #999999;\">Intercomp Sales Manager<br \/>\n<\/span><\/h6>\n<h6>Donec a felis sed ligula aliquet sollicitudin a in elit. Nunc at commodo erat, fringilla egestas tortor.<\/h6>\n<h6><a class=\"email\" href=\"#\">Email Bernard<\/a><\/h6>\n<p>[\/vc_column_text][\/vc_column][vc_column width=&#8221;1\/4&#8243;][vc_single_image image=&#8221;71089&#8243; img_size=&#8221;full&#8221; style=&#8221;vc_box_rounded&#8221; css_animation=&#8221;bottom-to-top&#8221; css=&#8221;.vc_custom_1510415172074{margin-bottom: -10px !important;}&#8221;][vc_column_text css=&#8221;&#8221;]<\/p>\n<h4>Yalc\u0131n KARACA<\/h4>\n<h6 style=\"margin-top: -10px; margin-bottom: 12px;\"><span style=\"color: #999999;\">Head of Cloud<br \/>\n<\/span><\/h6>\n<h6>Donec a felis sed ligula aliquet sollicitudin a in elit. Nunc at commodo erat, fringilla egestas tortor.<\/h6>\n<h6><a class=\"email\" href=\"#\">Email Louise<\/a><\/h6>\n<p>[\/vc_column_text][\/vc_column][\/vc_row][vc_row type=&#8221;container&#8221; padding_top=&#8221;&#8221; padding_bottom=&#8221;&#8221; css=&#8221;.vc_custom_1510321596043{margin-bottom: 25px !important;}&#8221;][vc_column width=&#8221;1\/4&#8243; css=&#8221;.vc_custom_1445098522820{margin-bottom: 35px !important;}&#8221;][vc_single_image image=&#8221;71089&#8243; img_size=&#8221;full&#8221; style=&#8221;vc_box_rounded&#8221; css_animation=&#8221;bottom-to-top&#8221; css=&#8221;.vc_custom_1736971484618{margin-bottom: -10px !important;}&#8221;][vc_column_text css=&#8221;&#8221;]<\/p>\n<h4>Nurcan TOKTAS<\/h4>\n<h6 style=\"margin-top: -10px; margin-bottom: 12px;\"><span style=\"color: #999999;\">Head Of Finance<\/span><\/h6>\n<h6>Donec a felis sed ligula aliquet sollicitudin a in elit. Nunc at commodo erat, fringilla egestas tortor.<\/h6>\n<h6><a class=\"email\" href=\"#\">Email John<\/a><\/h6>\n<p>[\/vc_column_text][\/vc_column][vc_column width=&#8221;1\/4&#8243; css=&#8221;.vc_custom_1445098535568{margin-bottom: 35px !important;}&#8221;][vc_single_image image=&#8221;71089&#8243; img_size=&#8221;full&#8221; style=&#8221;vc_box_rounded&#8221; css_animation=&#8221;bottom-to-top&#8221; css=&#8221;.vc_custom_1510415149322{margin-bottom: -10px !important;}&#8221;][vc_column_text css=&#8221;&#8221;]<\/p>\n<h4>Ayla YILDIRIM<\/h4>\n<h6 style=\"margin-top: -10px; margin-bottom: 12px;\"><span style=\"color: #999999;\">TRN Sales Manager<br \/>\n<\/span><\/h6>\n<h6>Donec a felis sed ligula aliquet sollicitudin a in elit. Nunc at commodo erat, fringilla egestas tortor.<\/h6>\n<h6><a class=\"email\" href=\"#\">Email Melanie<\/a><\/h6>\n<p>[\/vc_column_text][\/vc_column][vc_column width=&#8221;1\/4&#8243; css=&#8221;.vc_custom_1445098547369{margin-bottom: 35px !important;}&#8221;][vc_single_image image=&#8221;71089&#8243; img_size=&#8221;full&#8221; style=&#8221;vc_box_rounded&#8221; css_animation=&#8221;bottom-to-top&#8221; css=&#8221;.vc_custom_1510415161593{margin-bottom: -10px !important;}&#8221;][vc_column_text css=&#8221;&#8221;]<\/p>\n<h4>Engin UCAR<\/h4>\n<h6 style=\"margin-top: -10px; margin-bottom: 12px;\"><span style=\"color: #999999;\">DGN Coordinator<br \/>\n<\/span><\/h6>\n<h6>Donec a felis sed ligula aliquet sollicitudin a in elit. Nunc at commodo erat, fringilla egestas tortor.<\/h6>\n<h6><a class=\"email\" href=\"#\">Email Bernard<\/a><\/h6>\n<p>[\/vc_column_text][\/vc_column][vc_column width=&#8221;1\/4&#8243;][vc_single_image image=&#8221;71089&#8243; img_size=&#8221;full&#8221; style=&#8221;vc_box_rounded&#8221; css_animation=&#8221;bottom-to-top&#8221; css=&#8221;.vc_custom_1510415172074{margin-bottom: -10px !important;}&#8221;][vc_column_text css=&#8221;&#8221;]<\/p>\n<h4>\u0130lker UZDIL<\/h4>\n<h6 style=\"margin-top: -10px; margin-bottom: 12px;\"><span style=\"color: #999999;\">Bosscubes Gm<br \/>\n<\/span><\/h6>\n<h6>Donec a felis sed ligula aliquet sollicitudin a in elit. Nunc at commodo erat, fringilla egestas tortor.<\/h6>\n<h6><a class=\"email\" href=\"#\">Email Louise<\/a><\/h6>\n<p>[\/vc_column_text][\/vc_column][\/vc_row]<\/p>\n<\/div>","protected":false},"excerpt":{"rendered":"<p>[vc_row type=&#8221;container&#8221; padding_top=&#8221;&#8221; padding_bottom=&#8221;&#8221; css=&#8221;.vc_custom_1444733628179{padding-top: 50px !important;}&#8221;][vc_column width=&#8221;1\/2&#8243;][vc_column_text css=&#8221;&#8221;]The Trn Group ; Bili\u015fim teknolojilerinin her alan\u0131nda derin bilgiye sahip \u00e7ekirdek ekibimizle firmalar\u0131n teknoloji ihtiya\u00e7lar\u0131na \u00e7\u00f6z\u00fcm sunmak i\u00e7in yola \u00e7\u0131kt\u0131k. 30 y\u0131l\u0131 a\u015fk\u0131n tecr\u00fcbemiz, sekt\u00f6rel deneyimimiz, global i\u015f ortaklar\u0131m\u0131z, uzmanl\u0131k sertifikalar\u0131m\u0131z, y\u00fczlerce ba\u015far\u0131 hikayesi ve vaka \u00f6rne\u011fi ile bug\u00fcn bili\u015fim teknolojileri alan\u0131nda \u00f6nc\u00fc firmalar\u0131n \u00fcst d\u00fczey [&hellip;]<\/p>\n","protected":false},"author":1,"featured_media":317,"parent":0,"menu_order":0,"comment_status":"closed","ping_status":"closed","template":"page-full-width.php","meta":{"_acf_changed":false,"_monsterinsights_skip_tracking":false,"_monsterinsights_sitenote_active":false,"_monsterinsights_sitenote_note":"","_monsterinsights_sitenote_category":0,"footnotes":""},"class_list":["post-69","page","type-page","status-publish","has-post-thumbnail","hentry"],"acf":[],"yoast_head":"<!-- This site is optimized with the Yoast SEO plugin v26.8 - https:\/\/yoast.com\/product\/yoast-seo-wordpress\/ -->\n<title>Hakk\u0131m\u0131zda - The TRN Group<\/title>\n<meta name=\"robots\" content=\"index, follow, max-snippet:-1, max-image-preview:large, max-video-preview:-1\" \/>\n<link rel=\"canonical\" href=\"https:\/\/thetrngroup.com\/index.php\/about-us\/\" \/>\n<meta property=\"og:locale\" content=\"tr_TR\" \/>\n<meta property=\"og:type\" content=\"article\" \/>\n<meta property=\"og:title\" content=\"Hakk\u0131m\u0131zda - The TRN Group\" \/>\n<meta property=\"og:description\" content=\"[vc_row type=&#8221;container&#8221; padding_top=&#8221;&#8221; padding_bottom=&#8221;&#8221; css=&#8221;.vc_custom_1444733628179{padding-top: 50px !important;}&#8221;][vc_column width=&#8221;1\/2&#8243;][vc_column_text css=&#8221;&#8221;]The Trn Group ; Bili\u015fim teknolojilerinin her alan\u0131nda derin bilgiye sahip \u00e7ekirdek ekibimizle firmalar\u0131n teknoloji ihtiya\u00e7lar\u0131na \u00e7\u00f6z\u00fcm sunmak i\u00e7in yola \u00e7\u0131kt\u0131k. 30 y\u0131l\u0131 a\u015fk\u0131n tecr\u00fcbemiz, sekt\u00f6rel deneyimimiz, global i\u015f ortaklar\u0131m\u0131z, uzmanl\u0131k sertifikalar\u0131m\u0131z, y\u00fczlerce ba\u015far\u0131 hikayesi ve vaka \u00f6rne\u011fi ile bug\u00fcn bili\u015fim teknolojileri alan\u0131nda \u00f6nc\u00fc firmalar\u0131n \u00fcst d\u00fczey [&hellip;]\" \/>\n<meta property=\"og:url\" content=\"https:\/\/thetrngroup.com\/index.php\/about-us\/\" \/>\n<meta property=\"og:site_name\" content=\"The TRN Group\" \/>\n<meta property=\"article:modified_time\" content=\"2025-01-15T20:11:15+00:00\" \/>\n<meta name=\"twitter:card\" content=\"summary_large_image\" \/>\n<meta name=\"twitter:label1\" content=\"Tahmini okuma s\u00fcresi\" \/>\n\t<meta name=\"twitter:data1\" content=\"3 dakika\" \/>\n<script type=\"application\/ld+json\" class=\"yoast-schema-graph\">{\"@context\":\"https:\/\/schema.org\",\"@graph\":[{\"@type\":\"WebPage\",\"@id\":\"https:\/\/thetrngroup.com\/index.php\/about-us\/\",\"url\":\"https:\/\/thetrngroup.com\/index.php\/about-us\/\",\"name\":\"Hakk\u0131m\u0131zda - The TRN Group\",\"isPartOf\":{\"@id\":\"https:\/\/thetrngroup.com\/#website\"},\"primaryImageOfPage\":{\"@id\":\"https:\/\/thetrngroup.com\/index.php\/about-us\/#primaryimage\"},\"image\":{\"@id\":\"https:\/\/thetrngroup.com\/index.php\/about-us\/#primaryimage\"},\"thumbnailUrl\":\"\",\"datePublished\":\"2015-10-07T17:11:55+00:00\",\"dateModified\":\"2025-01-15T20:11:15+00:00\",\"breadcrumb\":{\"@id\":\"https:\/\/thetrngroup.com\/index.php\/about-us\/#breadcrumb\"},\"inLanguage\":\"tr\",\"potentialAction\":[{\"@type\":\"ReadAction\",\"target\":[\"https:\/\/thetrngroup.com\/index.php\/about-us\/\"]}]},{\"@type\":\"ImageObject\",\"inLanguage\":\"tr\",\"@id\":\"https:\/\/thetrngroup.com\/index.php\/about-us\/#primaryimage\",\"url\":\"\",\"contentUrl\":\"\"},{\"@type\":\"BreadcrumbList\",\"@id\":\"https:\/\/thetrngroup.com\/index.php\/about-us\/#breadcrumb\",\"itemListElement\":[{\"@type\":\"ListItem\",\"position\":1,\"name\":\"Home\",\"item\":\"https:\/\/thetrngroup.com\/\"},{\"@type\":\"ListItem\",\"position\":2,\"name\":\"Hakk\u0131m\u0131zda\"}]},{\"@type\":\"WebSite\",\"@id\":\"https:\/\/thetrngroup.com\/#website\",\"url\":\"https:\/\/thetrngroup.com\/\",\"name\":\"The TRN Group\",\"description\":\"Leads Technology\",\"potentialAction\":[{\"@type\":\"SearchAction\",\"target\":{\"@type\":\"EntryPoint\",\"urlTemplate\":\"https:\/\/thetrngroup.com\/?s={search_term_string}\"},\"query-input\":{\"@type\":\"PropertyValueSpecification\",\"valueRequired\":true,\"valueName\":\"search_term_string\"}}],\"inLanguage\":\"tr\"}]}<\/script>\n<!-- \/ Yoast SEO plugin. -->","yoast_head_json":{"title":"Hakk\u0131m\u0131zda - The TRN Group","robots":{"index":"index","follow":"follow","max-snippet":"max-snippet:-1","max-image-preview":"max-image-preview:large","max-video-preview":"max-video-preview:-1"},"canonical":"https:\/\/thetrngroup.com\/index.php\/about-us\/","og_locale":"tr_TR","og_type":"article","og_title":"Hakk\u0131m\u0131zda - The TRN Group","og_description":"[vc_row type=&#8221;container&#8221; padding_top=&#8221;&#8221; padding_bottom=&#8221;&#8221; css=&#8221;.vc_custom_1444733628179{padding-top: 50px !important;}&#8221;][vc_column width=&#8221;1\/2&#8243;][vc_column_text css=&#8221;&#8221;]The Trn Group ; Bili\u015fim teknolojilerinin her alan\u0131nda derin bilgiye sahip \u00e7ekirdek ekibimizle firmalar\u0131n teknoloji ihtiya\u00e7lar\u0131na \u00e7\u00f6z\u00fcm sunmak i\u00e7in yola \u00e7\u0131kt\u0131k. 30 y\u0131l\u0131 a\u015fk\u0131n tecr\u00fcbemiz, sekt\u00f6rel deneyimimiz, global i\u015f ortaklar\u0131m\u0131z, uzmanl\u0131k sertifikalar\u0131m\u0131z, y\u00fczlerce ba\u015far\u0131 hikayesi ve vaka \u00f6rne\u011fi ile bug\u00fcn bili\u015fim teknolojileri alan\u0131nda \u00f6nc\u00fc firmalar\u0131n \u00fcst d\u00fczey [&hellip;]","og_url":"https:\/\/thetrngroup.com\/index.php\/about-us\/","og_site_name":"The TRN Group","article_modified_time":"2025-01-15T20:11:15+00:00","twitter_card":"summary_large_image","twitter_misc":{"Tahmini okuma s\u00fcresi":"3 dakika"},"schema":{"@context":"https:\/\/schema.org","@graph":[{"@type":"WebPage","@id":"https:\/\/thetrngroup.com\/index.php\/about-us\/","url":"https:\/\/thetrngroup.com\/index.php\/about-us\/","name":"Hakk\u0131m\u0131zda - The TRN Group","isPartOf":{"@id":"https:\/\/thetrngroup.com\/#website"},"primaryImageOfPage":{"@id":"https:\/\/thetrngroup.com\/index.php\/about-us\/#primaryimage"},"image":{"@id":"https:\/\/thetrngroup.com\/index.php\/about-us\/#primaryimage"},"thumbnailUrl":"","datePublished":"2015-10-07T17:11:55+00:00","dateModified":"2025-01-15T20:11:15+00:00","breadcrumb":{"@id":"https:\/\/thetrngroup.com\/index.php\/about-us\/#breadcrumb"},"inLanguage":"tr","potentialAction":[{"@type":"ReadAction","target":["https:\/\/thetrngroup.com\/index.php\/about-us\/"]}]},{"@type":"ImageObject","inLanguage":"tr","@id":"https:\/\/thetrngroup.com\/index.php\/about-us\/#primaryimage","url":"","contentUrl":""},{"@type":"BreadcrumbList","@id":"https:\/\/thetrngroup.com\/index.php\/about-us\/#breadcrumb","itemListElement":[{"@type":"ListItem","position":1,"name":"Home","item":"https:\/\/thetrngroup.com\/"},{"@type":"ListItem","position":2,"name":"Hakk\u0131m\u0131zda"}]},{"@type":"WebSite","@id":"https:\/\/thetrngroup.com\/#website","url":"https:\/\/thetrngroup.com\/","name":"The TRN Group","description":"Leads Technology","potentialAction":[{"@type":"SearchAction","target":{"@type":"EntryPoint","urlTemplate":"https:\/\/thetrngroup.com\/?s={search_term_string}"},"query-input":{"@type":"PropertyValueSpecification","valueRequired":true,"valueName":"search_term_string"}}],"inLanguage":"tr"}]}},"_links":{"self":[{"href":"https:\/\/thetrngroup.com\/index.php\/wp-json\/wp\/v2\/pages\/69","targetHints":{"allow":["GET"]}}],"collection":[{"href":"https:\/\/thetrngroup.com\/index.php\/wp-json\/wp\/v2\/pages"}],"about":[{"href":"https:\/\/thetrngroup.com\/index.php\/wp-json\/wp\/v2\/types\/page"}],"author":[{"embeddable":true,"href":"https:\/\/thetrngroup.com\/index.php\/wp-json\/wp\/v2\/users\/1"}],"replies":[{"embeddable":true,"href":"https:\/\/thetrngroup.com\/index.php\/wp-json\/wp\/v2\/comments?post=69"}],"version-history":[{"count":10,"href":"https:\/\/thetrngroup.com\/index.php\/wp-json\/wp\/v2\/pages\/69\/revisions"}],"predecessor-version":[{"id":71368,"href":"https:\/\/thetrngroup.com\/index.php\/wp-json\/wp\/v2\/pages\/69\/revisions\/71368"}],"wp:featuredmedia":[{"embeddable":true,"href":"https:\/\/thetrngroup.com\/index.php\/wp-json\/"}],"wp:attachment":[{"href":"https:\/\/thetrngroup.com\/index.php\/wp-json\/wp\/v2\/media?parent=69"}],"curies":[{"name":"wp","href":"https:\/\/api.w.org\/{rel}","templated":true}]}}